{"id":91,"date":"2013-04-15T19:52:26","date_gmt":"2013-04-15T17:52:26","guid":{"rendered":"http:\/\/www2.wi.fh-flensburg.de\/africacentre\/?page_id=91"},"modified":"2025-12-19T10:17:03","modified_gmt":"2025-12-19T08:17:03","slug":"impressum","status":"publish","type":"page","link":"https:\/\/www2.wi.hs-flensburg.de\/africacentre\/impressum\/","title":{"rendered":"Imprint"},"content":{"rendered":"<h2><span style=\"color: #333333;\">Impressum (Imprint &#8211; Legal Notice)<\/span><\/h2>\n<div class=\"page\" title=\"Page 2\">\n<div class=\"section\">\n<div class=\"layoutArea\">\n<div class=\"column\">\n<div class=\"page\" title=\"Page 2\">\n<div class=\"section\">\n<div class=\"layoutArea\">\n<div class=\"column\">\n<h3>Der Seitenbetreiber und seine Kontaktdaten:<\/h3>\n<\/div>\n<\/div>\n<\/div>\n<\/div>\n<p>Hochschule Flensburg<br \/>\nFlensburg University of Applied Sciences<br \/>\nKanzleistra\u00dfe 91-93<br \/>\n24943 Flensburg<\/p>\n<p>Telefon: +49 (0)461 805-01<br \/>\nTelefax: +49 (0)461 805-1300<br \/>\nE-Mail: praesidium.office@hs-flensburg.de<\/p>\n<h3>Gesetzliche Rechtsform:<\/h3>\n<p>Die Hochschule Flensburg ist eine K\u00f6rperschaft des \u00f6ffentlichen Rechts (K. d. \u00f6. R.). Sie wird durch das Pr\u00e4sidium vertreten. Dieses besteht aus:<\/p>\n<ul>\n<li>dem Vizepr\u00e4sidenten f\u00fcr Studium und Lehre, Prof. Dr. Niklas Klein,<br \/>\nm.d.W.d.A.d.P.b.,<\/li>\n<li>der Vizepr\u00e4sidentin f\u00fcr Studiengangsentwicklung, Digitalisierung, Gleichstellung und Diversit\u00e4t, Prof. Dr. Beatrice Podtschaske,<\/li>\n<li>der Vizepr\u00e4sidentin f\u00fcr Forschung, Transfer und Nachhaltigkeit, Prof. Dr. Brigitte Clausen,<\/li>\n<li>dem Interims-Kanzler, Klaus-Michael Heinze.<\/li>\n<\/ul>\n<h3>Umsatzsteuer-Identifikationsnummer gem\u00e4\u00df \u00a727a UStG:<\/h3>\n<p>DE 164958659<\/p>\n<h3>Inhaltlich Verantwortlich gem\u00e4\u00df \u00a7 5 TMG:<\/h3>\n<p>Prof. Dr. Kay Pfaffenberger<br \/>\n<span style=\"font-size: 1.0625rem;\">Telefon: +49 (0)461 805-1748<\/span><\/p>\n<h3>Zust\u00e4ndige Aufsichtsbeh\u00f6rde:<\/h3>\n<p>Ministerium f\u00fcr Bildung, Wissenschaft und Kultur des Landes Schleswig-Holstein<br \/>\nWissenschaftsabteilung Brunswiker Str. 16-22, 24105 Kiel<\/p>\n<h3><span style=\"color: #333333;\"><strong>Image Source<\/strong><\/span><\/h3>\n<p><span style=\"color: #333333;\">w\u00fcstenpiste \u00a9 Kissgawolf fotolia.com<\/span><br \/>\n<span style=\"color: #333333;\"> gueterzug panorama \u00a9 DirkR &#8211; Fotolia.com<\/span><br \/>\n<span style=\"color: #333333;\"> giraffe auf strasse _\u00a9 Monika Lause<\/span><br \/>\n<span style=\"color: #333333;\"> container klein \u00a9 Peer Frings<\/span><br \/>\n<span style=\"color: #333333;\"> computer und blume \u00a9\u00a0theisero \/ photocase.com<\/span><br \/>\n<span style=\"color: #333333;\"> tankstelle \u00a9\u00a0inga dpunkt \/ photocase.com<\/span><br \/>\n<span style=\"color: #333333;\"> platine \u00a9\u00a0himberry \/ photocase.com<\/span><br \/>\n<span style=\"color: #333333;\"> Frauen vorm Computer \u00a9 DURIS Guillaume &#8211; Fotolia.com<\/span><br \/>\n<span style=\"color: #333333;\"> African Students \u00a9 michaeljung &#8211; fotolia.com<\/span><br \/>\n<span style=\"color: #333333;\"> Frau vor Afrika \u00a9 paulmz &#8211; Fotolia.com<\/span><br \/>\n<span style=\"color: #333333;\"> Enter Africa_\u00a9 visual620 &#8211; Fotolia.com<\/span><br \/>\n<span style=\"color: #333333;\"> chip \u00a9 Dmitry Pichugin- Fotolia.com<\/span><br \/>\n<span style=\"color: #333333;\"> oh my god\u00a0<i>\u00a9 <\/i>Franz Pfluegl &#8211; Fotolia.com<\/span><\/p>\n<p><span style=\"color: #333333;\">All other Images were taken by:\u00a0Martin K\u00fchn, Thomas Schmidt und Janntje B\u00f6hlke-Itzen<\/span><\/p>\n<\/div>\n<\/div>\n<\/div>\n<\/div>\n<h2>HAFTUNGSHINWEIS<\/h2>\n<div class=\"page\" title=\"Page 2\">\n<div class=\"section\">\n<div class=\"layoutArea\">\n<div class=\"column\">\n<h3>Einleitung<\/h3>\n<p>Bei Bekanntwerden von Rechtsverletzungen werden wir die entsprechenden Inhalte umgehend entfernen. Sollten Sie entsprechende Hinweise f\u00fcr uns haben, kontaktieren Sie uns.<\/p>\n<h3>Haftung f\u00fcr Inhalte<\/h3>\n<p>Als Dienstanbieter sind wir gem\u00e4\u00df \u00a7 7 Abs.1 TMG f\u00fcr eigene Inhalte auf diesen Seiten nach den allgemeinen Gesetzen verantwortlich. Nach \u00a7\u00a7 8 bis 10 TMG sind wir als Dienstanbieter jedoch nicht verpflichtet, \u00fcbermittelte oder gespeicherte fremde Informationen zu \u00fcberwachen oder nach Umst\u00e4nden zu forschen, die auf eine rechtswidrige T\u00e4tigkeit hinweisen.<\/p>\n<p>Verpflichtungen zur Entfernung oder Sperrung der Nutzung von Informationen nach den allgemeinen Gesetzen bleiben hiervon unber\u00fchrt. Eine diesbez\u00fcgliche Haftung ist jedoch erst ab dem Zeitpunkt der Kenntnis einer konkreten Rechtsverletzung m\u00f6glich.<\/p>\n<h3>Haftung f\u00fcr Links<\/h3>\n<p>Unser Angebot enth\u00e4lt Links zu externen Websites Dritter, auf deren Inhalte wir keinen Einfluss haben. Deshalb k\u00f6nnen wir f\u00fcr diese fremden Inhalte auch keine Gew\u00e4hr \u00fcbernehmen. F\u00fcr die Inhalte der verlinkten Seiten ist stets der jeweilige Anbieter oder Betreiber der Seiten verantwortlich. Die verlinkten Seiten wurden zum Zeitpunkt der Verlinkung auf m\u00f6gliche Rechtsverst\u00f6\u00dfe \u00fcberpr\u00fcft. Rechtswidrige Inhalte waren zum Zeitpunkt der Verlinkung nicht erkennbar.<\/p>\n<h3>Urheberrecht der Hochschule Flensburg<\/h3>\n<p>Die durch die Seitenbetreiber erstellten Inhalte und Werke auf diesen Seiten unterliegen dem deutschen Urheberrecht. Die Vervielf\u00e4ltigung, Bearbeitung, Verbreitung und jede Art der Verwertung au\u00dferhalb der Grenzen des Urheberrechtes bed\u00fcrfen der schriftlichen Zustimmung des jeweiligen Autors bzw. Erstellers. Downloads und Kopien dieser Seite sind nur f\u00fcr den privaten, nicht kommerziellen Gebrauch gestattet.<\/p>\n<p>Soweit die Inhalte auf dieser Seite nicht vom Betreiber erstellt wurden, werden die Urheberrechte Dritter beachtet. Insbesondere werden Inhalte Dritter als solche gekennzeichnet. Sollten Sie trotzdem auf eine Urheberrechtsverletzung aufmerksam werden, bitten wir um einen entsprechenden Hinweis.<\/p>\n<p>Sofern an den abgebildeten Fotos kein Copyright vermerkt ist, steht das Bildrecht der Hochschule Flensburg zu.<\/p>\n<p>Wir erlauben ausdr\u00fccklich und begr\u00fc\u00dfen das Zitieren unserer Dokumente und Webseiten sowie das Setzen von Links auf unsere Website.<\/p>\n<h3>\u00dcbermittlung von Antr\u00e4gen und Schriftst\u00fccken<\/h3>\n<p>Zurzeit ist die \u00dcbersendung von Antr\u00e4gen, Erkl\u00e4rungen und anderen Schriftst\u00fccken, wenn eine eigenh\u00e4ndige Unterschrift vom Gesetz vorgesehen ist (z.B. Widerspr\u00fcche) oder wenn absolute Sicherheit \u00fcber den Einsender bestehen muss, nicht m\u00f6glich.<\/p>\n<p>Die auf diesen Seiten genannten E-Mail-Adressen sind also nicht geeignet, der Hochschule rechtswirksame Erkl\u00e4rungen, Schrifts\u00e4tze, Rechtsbehelfe etc. zu \u00fcbermitteln. Benutzen Sie hierzu bitte den Postweg oder die Versendung mittels Telefax.<\/p>\n<div class=\"page\" title=\"Page 3\">\n<div class=\"section\">\n<div class=\"layoutArea\">\n<div class=\"column\">\n<h2>DATENSCHUTZERKL\u00c4RUNG<\/h2>\n<p>F\u00fcr die Hochschule Flensburg hat ein verantwortungsbewusster Umgang mit personenbezogenen Daten hohe Priorit\u00e4t. Wir informieren Sie hier dar\u00fcber, wann wir welche Daten erheben und wie wir sie verwenden. Die Datenschutzerkl\u00e4rung kl\u00e4rt Sie \u00fcber die Art, den Umfang und Zweck der Verarbeitung von personenbezogenen Daten innerhalb unseres Onlineangebotes insgesamt sowie des von Ihnen ausgew\u00e4hlten Dienste auf.<\/p>\n<h3>Verantwortliche Stelle<\/h3>\n<p>Diese Webseite wird von der Hochschule Flensburg betrieben. Die dazu relevanten Informationen finden Sie oben im Impressum.<\/p>\n<h3>Welche Daten werden erfasst und verarbeitet<\/h3>\n<div class=\"page\" title=\"Page 3\">\n<div class=\"section\">\n<div class=\"layoutArea\">\n<div class=\"column\">\n<p>(1) Server-Log (Access\/Error)<br \/>\nDer Server erhebt und speichert automatisch Informationen in Log-Dateien, die vom Browser automatisch an den Server \u00fcbermittelt werden. Dies sind:<\/p>\n<ul>\n<li>Vollst\u00e4ndige IP-Adresse des zugreifenden Rechners<\/li>\n<li>Datum und Uhrzeit des Zugriffs<\/li>\n<li>Referrer-URL (Adresse der Webseite, von welcher Sie zur aktuellen Seite gekommen sind)<\/li>\n<li>Informationen zum Browser und Betriebssystem: Typ und Version<\/li>\n<\/ul>\n<p>Eine Zusammenf\u00fchrung dieser Daten mit anderen Daten wird nicht vorgenommen. Die Server-Logfiles werden \u2013abh\u00e4ngig von Log-Datei-Gr\u00f6\u00dfe \u2013 ca. 7 Tage gespeichert und befinden sich noch weitere 30 Tage im Backup.<\/p>\n<p>Grundlage f\u00fcr die Datenverarbeitung ist Artikel 6 Absatz 1 Buchstabe f DSGVO, der die Verarbeitung von Daten zur Wahrnehmung berechtigter Interessen gestattet.<\/p>\n<\/div>\n<\/div>\n<\/div>\n<\/div>\n<h3>Einbindung und Verlinkung von Diensten und Inhalten Dritter<\/h3>\n<p>Diese Webseite enth\u00e4lt Verweise auf Inhalte Dritter oder es werden Inhalte Dritter eingebunden. Wir k\u00f6nnen keine Verantwortung f\u00fcr Datenschutzpraktiken anderer Webseitenbetreiber \u00fcbernehmen. Wir weisen ausdr\u00fccklich drauf hin, dass personenbezogene Daten, \u00e4hnlich der o. a. Server-Logs, durch andere Webseitenbetreiber verarbeitet werden.<\/p>\n<h3>E-Mail-Kontakt<\/h3>\n<p>Bei der Kontaktaufnahme mit uns per Email werden die von Ihnen mitgeteilten Informationen (Email-Adresse und weitere von Ihnen gemachte Angaben) von uns verarbeitet. Wir verarbeiten Ihre Daten in diesem Zusammenhang auf rechtlicher Grundlage:<\/p>\n<ul>\n<li>Je nach Inhalt der E-Mail handelt es sich um freiwillige Angaben; die Rechtsgrundlage f\u00fcr die Verarbeitung hierf\u00fcr ist Artikel 6 Absatz 1 Buchstabe a DSGVO.<\/li>\n<li>Die Rechtsgrundlage f\u00fcr die Verarbeitung von Daten und Informationen, die im Zusammenhang mit Ihrer Mitgliedschaft (z. B. Studentin\/Student) stehen, ist Artikel 6 Absatz 1 Buchstabe b DSGVO.<\/li>\n<li>Die Verarbeitung von Daten und Informationen in einem Vertragsverh\u00e4ltnis erfolgt auf der rechtlichen Grundlage des Artikel 6 Absatz 1 Buchstabe b DSGVO.<\/li>\n<\/ul>\n<\/div>\n<\/div>\n<p><span style=\"font-size: 1.0625rem;\">Grunds\u00e4tzlich ist die Kontaktaufnahme per E-Mail nicht als sicher anzusehen. Sofern sie uns \u201esensible\u201cInformationen zukommen lassen m\u00f6chten, wenden Sie sich bitte vorab telefonisch an die f\u00fcr die Webseite inhaltlich verantwortlichen Person (siehe oben im Impressum).\u00a0<\/span><\/p>\n<\/div>\n<\/div>\n<div class=\"page\" title=\"Page 4\">\n<div class=\"section\">\n<div class=\"layoutArea\">\n<div class=\"column\">\n<h3>Sicherheit Ihrer pers\u00f6nlichen Daten<\/h3>\n<p>Die Hochschule Flensburg setzt technische und organisatorische Ma\u00dfnahmen ein, um Ihre Daten vor Zugriff und Missbrauch durch unberechtigte Personen zu sch\u00fctzen. Wenn Daten \u00fcbertragen werden, werden diese Daten durch die Verwendung einer Verschl\u00fcsselung, wie bspw. das TLS- (Transport Layer Security) oder das HTTPS-Protokoll (Hypertext Transfer Protocol Secure), gesch\u00fctzt. Diese Sicherungsma\u00dfnahmen werden entsprechend der technologischen Entwicklung und unter Ber\u00fccksichtigung der jeweils ma\u00dfgebenden Rechtsvorschriften angepasst.<\/p>\n<h3>Betroffenenrechte<\/h3>\n<p>Nutzerinnen und Nutzer k\u00f6nnen eine Best\u00e4tigung dar\u00fcber verlangen, ob personenbezogene Daten, die sie betreffen, verarbeitet werden. Falls eine solche Verarbeitung vorliegt, k\u00f6nnen sie Auskunft \u00fcber den Zweck, die Daten, die Herkunft der Daten, Empf\u00e4nger von Daten (inkl. internationaler Weitergaben) sowie die Dauer der Speicherung erhalten.<\/p>\n<p>Zus\u00e4tzlich haben Nutzerinnen und Nutzer das Recht auf Korrektur unrichtiger Daten, Einschr\u00e4nkung der Verarbeitung und L\u00f6schung seiner\/ihrer personenbezogenen Daten \u2013 vorbehaltlich entgegenstehender gesetzlicher Speicher- oder Aufbewahrungsfristen. Einwilligungen k\u00f6nnen jederzeit durch Kontaktaufnahme mit der verantwortlichen Stelle widerrufen werden (siehe oben im Impressum). Die Rechtm\u00e4\u00dfigkeit der Verarbeitung, die bereits stattgefunden hat, bleibt davon unber\u00fchrt. Weiterhin kann f\u00fcr bestimmte zur Verf\u00fcgung gestellte Inhalte ein Recht auf Daten\u00fcbertragbarkeit bestehen.<\/p>\n<p>Nutzerinnen und Nutzer haben das Recht, den Datenschutzbeauftragten und die zust\u00e4ndige Aufsichtsbeh\u00f6rde f\u00fcr den Datenschutz zu kontaktieren.<\/p>\n<h3>Kontakt<\/h3>\n<p>Mit Ihren Fragen und Anliegen zum Datenschutz wenden Sie sich bitte an <a href=\"mailto:datenschutz@hs-flensburg.de\">datenschutz@hs-flensburg.de<\/a><\/p>\n<h3>Zust\u00e4ndige Aufsichtsbeh\u00f6rde<\/h3>\n<p>Unabh\u00e4ngiges Landeszentrum f\u00fcr Datenschutz Schleswig-Holstein (ULD) Holstenstra\u00dfe 98, 24103 Kiel<\/p>\n<p>Telefon: +49 431 988-1200<br \/>\nE-Mail: mail@datenschutzzentrum.de<\/p>\n<\/div>\n<\/div>\n<\/div>\n<\/div>\n<\/div>\n<\/div>\n<\/div>\n<\/div>\n","protected":false},"excerpt":{"rendered":"<p>Impressum (Imprint &#8211; Legal Notice) Der Seitenbetreiber und seine Kontaktdaten: Hochschule Flensburg Flensburg University of Applied Sciences Kanzleistra\u00dfe 91-93 24943 [&#8230;]<\/p>\n","protected":false},"author":1,"featured_media":456,"parent":0,"menu_order":10,"comment_status":"closed","ping_status":"closed","template":"","meta":{"footnotes":""},"class_list":["post-91","page","type-page","status-publish","has-post-thumbnail","hentry"],"_links":{"self":[{"href":"https:\/\/www2.wi.hs-flensburg.de\/africacentre\/wp-json\/wp\/v2\/pages\/91","targetHints":{"allow":["GET"]}}],"collection":[{"href":"https:\/\/www2.wi.hs-flensburg.de\/africacentre\/wp-json\/wp\/v2\/pages"}],"about":[{"href":"https:\/\/www2.wi.hs-flensburg.de\/africacentre\/wp-json\/wp\/v2\/types\/page"}],"author":[{"embeddable":true,"href":"https:\/\/www2.wi.hs-flensburg.de\/africacentre\/wp-json\/wp\/v2\/users\/1"}],"replies":[{"embeddable":true,"href":"https:\/\/www2.wi.hs-flensburg.de\/africacentre\/wp-json\/wp\/v2\/comments?post=91"}],"version-history":[{"count":55,"href":"https:\/\/www2.wi.hs-flensburg.de\/africacentre\/wp-json\/wp\/v2\/pages\/91\/revisions"}],"predecessor-version":[{"id":6857,"href":"https:\/\/www2.wi.hs-flensburg.de\/africacentre\/wp-json\/wp\/v2\/pages\/91\/revisions\/6857"}],"wp:featuredmedia":[{"embeddable":true,"href":"https:\/\/www2.wi.hs-flensburg.de\/africacentre\/wp-json\/wp\/v2\/media\/456"}],"wp:attachment":[{"href":"https:\/\/www2.wi.hs-flensburg.de\/africacentre\/wp-json\/wp\/v2\/media?parent=91"}],"curies":[{"name":"wp","href":"https:\/\/api.w.org\/{rel}","templated":true}]}}